{"id":10165,"date":"2023-07-25T22:09:09","date_gmt":"2023-07-26T01:09:09","guid":{"rendered":"https:\/\/hitech.com.br\/?page_id=10165"},"modified":"2023-11-07T16:06:53","modified_gmt":"2023-11-07T19:06:53","slug":"semana-criativa","status":"publish","type":"page","link":"https:\/\/hitech.com.br\/es\/semana-creativa\/","title":{"rendered":"Semana Creativa"},"content":{"rendered":"<div data-elementor-type=\"wp-page\" data-elementor-id=\"10165\" class=\"elementor elementor-10165\" data-elementor-post-type=\"page\">\n\t\t\t\t\t\t\t\t\t<section class=\"elementor-section elementor-top-section elementor-element elementor-element-ac57867 elementor-section-stretched hweare has-square elementor-section-boxed elementor-section-height-default elementor-section-height-default\" data-id=\"ac57867\" data-element_type=\"section\" data-settings=\"{&quot;stretch_section&quot;:&quot;section-stretched&quot;,&quot;background_background&quot;:&quot;classic&quot;}\">\n\t\t\t\t\t\t<div class=\"elementor-container elementor-column-gap-default\">\n\t\t\t\t\t<div class=\"elementor-column elementor-col-50 elementor-top-column elementor-element elementor-element-2ba371d\" data-id=\"2ba371d\" data-element_type=\"column\">\n\t\t\t<div class=\"elementor-widget-wrap elementor-element-populated\">\n\t\t\t\t\t\t\t\t<div class=\"elementor-element elementor-element-50b039c elementor-widget elementor-widget-image_quote\" data-id=\"50b039c\" data-element_type=\"widget\" data-widget_type=\"image_quote.default\">\n\t\t\t\t<div class=\"elementor-widget-container\">\n\t\t\t        <div class=\"about-img abimg-sty2\" data-scrollax-parent=\"true\">\n            <img width=\"1100\" height=\"600\" src=\"https:\/\/hitech.com.br\/wp-content\/uploads\/2023\/11\/semana.jpg\" class=\"respimg\" alt=\"\" decoding=\"async\" loading=\"lazy\" srcset=\"https:\/\/hitech.com.br\/wp-content\/uploads\/2023\/11\/semana.jpg 1100w, https:\/\/hitech.com.br\/wp-content\/uploads\/2023\/11\/semana-300x164.jpg 300w, https:\/\/hitech.com.br\/wp-content\/uploads\/2023\/11\/semana-1024x559.jpg 1024w, https:\/\/hitech.com.br\/wp-content\/uploads\/2023\/11\/semana-768x419.jpg 768w, https:\/\/hitech.com.br\/wp-content\/uploads\/2023\/11\/semana-18x10.jpg 18w, https:\/\/hitech.com.br\/wp-content\/uploads\/2023\/11\/semana-830x453.jpg 830w, https:\/\/hitech.com.br\/wp-content\/uploads\/2023\/11\/semana-303x165.jpg 303w, https:\/\/hitech.com.br\/wp-content\/uploads\/2023\/11\/semana-606x331.jpg 606w, https:\/\/hitech.com.br\/wp-content\/uploads\/2023\/11\/semana-530x289.jpg 530w, https:\/\/hitech.com.br\/wp-content\/uploads\/2023\/11\/semana-450x245.jpg 450w, https:\/\/hitech.com.br\/wp-content\/uploads\/2023\/11\/semana-500x273.jpg 500w, https:\/\/hitech.com.br\/wp-content\/uploads\/2023\/11\/semana-150x82.jpg 150w\" sizes=\"(max-width: 1100px) 100vw, 1100px\" \/>                                    \n        <\/div>\n        \t\t<\/div>\n\t\t\t\t<\/div>\n\t\t\t\t\t<\/div>\n\t\t<\/div>\n\t\t\t\t<div class=\"elementor-column elementor-col-25 elementor-top-column elementor-element elementor-element-b56c398 elementor-hidden-tablet elementor-hidden-phone\" data-id=\"b56c398\" data-element_type=\"column\">\n\t\t\t<div class=\"elementor-widget-wrap\">\n\t\t\t\t\t\t\t\t\t<\/div>\n\t\t<\/div>\n\t\t\t\t<div class=\"elementor-column elementor-col-33 elementor-top-column elementor-element elementor-element-5326d31\" data-id=\"5326d31\" data-element_type=\"column\">\n\t\t\t<div class=\"elementor-widget-wrap elementor-element-populated\">\n\t\t\t\t\t\t\t\t<div class=\"elementor-element elementor-element-04dbaa9 elementor-widget elementor-widget-image\" data-id=\"04dbaa9\" data-element_type=\"widget\" data-widget_type=\"image.default\">\n\t\t\t\t<div class=\"elementor-widget-container\">\n\t\t\t<style>\/*! elementor - v3.16.0 - 09-10-2023 *\/\n.elementor-widget-image{text-align:center}.elementor-widget-image a{display:inline-block}.elementor-widget-image a img[src$=\".svg\"]{width:48px}.elementor-widget-image img{vertical-align:middle;display:inline-block}<\/style>\t\t\t\t\t\t\t\t\t\t\t\t<img decoding=\"async\" src=\"https:\/\/hitech.com.br\/wp-content\/uploads\/elementor\/thumbs\/logo-semana-qe1fp7vtzx9adl3jptwh4f1ipv814n256i54yj2hhc.png\" title=\"pr\u00f3xima semana\" alt=\"pr\u00f3xima semana\" loading=\"lazy\" \/>\t\t\t\t\t\t\t\t\t\t\t\t\t\t\t<\/div>\n\t\t\t\t<\/div>\n\t\t\t\t<div class=\"elementor-element elementor-element-db32f44 elementor-widget elementor-widget-section_title\" data-id=\"db32f44\" data-element_type=\"widget\" data-widget_type=\"section_title.default\">\n\t\t\t\t<div class=\"elementor-widget-container\">\n\t\t\t        <div class=\"section-title st-left st-st1\">\n                    <h2 class=\"sec-title\"><span>La semana creativa<\/span><\/h2>                    <\/div>\n        \t\t<\/div>\n\t\t\t\t<\/div>\n\t\t\t\t<div class=\"elementor-element elementor-element-a0b4566 elementor-widget elementor-widget-text-editor\" data-id=\"a0b4566\" data-element_type=\"widget\" data-widget_type=\"text-editor.default\">\n\t\t\t\t<div class=\"elementor-widget-container\">\n\t\t\t<style>\/*! elementor - v3.16.0 - 09-10-2023 *\/\n.elementor-widget-text-editor.elementor-drop-cap-view-stacked .elementor-drop-cap{background-color:#69727d;color:#fff}.elementor-widget-text-editor.elementor-drop-cap-view-framed .elementor-drop-cap{color:#69727d;border:3px solid;background-color:transparent}.elementor-widget-text-editor:not(.elementor-drop-cap-view-default) .elementor-drop-cap{margin-top:8px}.elementor-widget-text-editor:not(.elementor-drop-cap-view-default) .elementor-drop-cap-letter{width:1em;height:1em}.elementor-widget-text-editor .elementor-drop-cap{float:left;text-align:center;line-height:1;font-size:50px}.elementor-widget-text-editor .elementor-drop-cap-letter{display:inline-block}<\/style>\t\t\t\t<p>La Semana Creativa es una inmersi\u00f3n en <strong>universo de alta tecnolog\u00eda,<\/strong> donde podr\u00e1s seguir de cerca nuestro trabajo en <strong>centro de Investigaci\u00f3n<\/strong> y desarrollar, junto con nuestro equipo, <strong>Demanda judicial<\/strong> que ayudan a transformar la <strong>vaqueros<\/strong> en un estilo actual, vers\u00e1til, elegante y <strong>sostenible<\/strong>.<\/p><p>Este es otro <strong>exclusividad<\/strong> que HiTech proporciona a sus <strong>clientes<\/strong> de todas partes <strong>Brasil<\/strong>.<\/p>\t\t\t\t\t\t<\/div>\n\t\t\t\t<\/div>\n\t\t\t\t\t<\/div>\n\t\t<\/div>\n\t\t\t\t\t\t\t<\/div>\n\t\t<\/section>\n\t\t\t\t<section class=\"elementor-section elementor-top-section elementor-element elementor-element-c8068f3 elementor-section-full_width elementor-section-height-default elementor-section-height-default\" data-id=\"c8068f3\" data-element_type=\"section\">\n\t\t\t\t\t\t<div class=\"elementor-container elementor-column-gap-default\">\n\t\t\t\t\t<div class=\"elementor-column elementor-col-100 elementor-top-column elementor-element elementor-element-b418328\" data-id=\"b418328\" data-element_type=\"column\">\n\t\t\t<div class=\"elementor-widget-wrap elementor-element-populated\">\n\t\t\t\t\t\t\t\t\t<\/div>\n\t\t<\/div>\n\t\t\t\t\t\t\t<\/div>\n\t\t<\/section>\n\t\t\t\t<section class=\"elementor-section elementor-top-section elementor-element elementor-element-fc9cccd elementor-section-boxed elementor-section-height-default elementor-section-height-default\" data-id=\"fc9cccd\" data-element_type=\"section\">\n\t\t\t\t\t\t<div class=\"elementor-container elementor-column-gap-default\">\n\t\t\t\t\t<div class=\"elementor-column elementor-col-100 elementor-top-column elementor-element elementor-element-b997b9b\" data-id=\"b997b9b\" data-element_type=\"column\">\n\t\t\t<div class=\"elementor-widget-wrap elementor-element-populated\">\n\t\t\t\t\t\t\t\t<div class=\"elementor-element elementor-element-0c21fa2 elementor-widget elementor-widget-testimonials\" data-id=\"0c21fa2\" data-element_type=\"widget\" data-widget_type=\"testimonials.default\">\n\t\t\t\t<div class=\"elementor-widget-container\">\n\t\t\t        <!-- carousel -->\n        <div class=\"single-carousel-wrap carousel-wrap testimonials-carousel-wrap\">\n                                    <div class=\"tc-button tc-button-next\"><i class=\"fas fa-caret-right\"><\/i><\/div>\n            <div class=\"tc-button tc-button-prev\"><i class=\"fas fa-caret-left\"><\/i><\/div>\n            <div class=\"testimonials-carousel\">\n                <div class=\"swiper-container\">\n                    <div class=\"swiper-wrapper\">\n                                            <!--testi-item-->\n                        <div class=\"swiper-slide\">\n                            <div class=\"testi-item fl-wrap\">\n                                                            <div class=\"testi-avatar\">\n                                    <img width=\"100\" height=\"100\" src=\"https:\/\/hitech.com.br\/wp-content\/uploads\/2023\/10\/valdeci.jpg\" class=\"attachment-thumbnail size-thumbnail wp-post-image\" alt=\"\" decoding=\"async\" loading=\"lazy\" srcset=\"https:\/\/hitech.com.br\/wp-content\/uploads\/2023\/10\/valdeci.jpg 100w, https:\/\/hitech.com.br\/wp-content\/uploads\/2023\/10\/valdeci-12x12.jpg 12w\" sizes=\"(max-width: 100px) 100vw, 100px\" \/>                                <\/div>\n                                                            <div class=\"testimonials-text fl-wrap\">\n                                    \n                                    <div class=\"testi-top\">\n                                        <h3>\n                                            Valdec\u00ed Estrela                                            <span>Lavander\u00eda Raff<\/span>                                        <\/h3>\n                                        <div class=\"star-rating\" data-rating=\"no\" data-stars=\"5\"><\/div>\n                                    <\/div>\n                                    <div class=\"testi-content\"><p>\u201cTuvimos una semana productiva que result\u00f3 en una colecci\u00f3n completa. \u00a1Gracias!&quot;<\/p>\n<\/div>\n                                    <span class=\"testi-number\">01.<\/span>\n                                <\/div>\n                            <\/div>\n                        <\/div>\n                        <!--testi-item end-->\n\n                                                <!--testi-item-->\n                        <div class=\"swiper-slide\">\n                            <div class=\"testi-item fl-wrap\">\n                                                            <div class=\"testi-avatar\">\n                                    <img width=\"100\" height=\"100\" src=\"https:\/\/hitech.com.br\/wp-content\/uploads\/2023\/10\/deyvid.jpg\" class=\"attachment-thumbnail size-thumbnail wp-post-image\" alt=\"\" decoding=\"async\" loading=\"lazy\" srcset=\"https:\/\/hitech.com.br\/wp-content\/uploads\/2023\/10\/deyvid.jpg 100w, https:\/\/hitech.com.br\/wp-content\/uploads\/2023\/10\/deyvid-12x12.jpg 12w\" sizes=\"(max-width: 100px) 100vw, 100px\" \/>                                <\/div>\n                                                            <div class=\"testimonials-text fl-wrap\">\n                                    \n                                    <div class=\"testi-top\">\n                                        <h3>\n                                            Deyvid                                            <span>Lavander\u00eda de la realeza<\/span>                                        <\/h3>\n                                        <div class=\"star-rating\" data-rating=\"no\" data-stars=\"5\"><\/div>\n                                    <\/div>\n                                    <div class=\"testi-content\"><p>\u201c\u00a1Tuvimos a todo el equipo de HiTech desarrollando una colecci\u00f3n sustentable para nosotros!\u201d<\/p>\n<\/div>\n                                    <span class=\"testi-number\">02.<\/span>\n                                <\/div>\n                            <\/div>\n                        <\/div>\n                        <!--testi-item end-->\n\n                                                <!--testi-item-->\n                        <div class=\"swiper-slide\">\n                            <div class=\"testi-item fl-wrap\">\n                                                            <div class=\"testi-avatar\">\n                                    <img width=\"100\" height=\"100\" src=\"https:\/\/hitech.com.br\/wp-content\/uploads\/2020\/05\/fran.jpg\" class=\"attachment-thumbnail size-thumbnail wp-post-image\" alt=\"\" decoding=\"async\" loading=\"lazy\" srcset=\"https:\/\/hitech.com.br\/wp-content\/uploads\/2020\/05\/fran.jpg 100w, https:\/\/hitech.com.br\/wp-content\/uploads\/2020\/05\/fran-12x12.jpg 12w\" sizes=\"(max-width: 100px) 100vw, 100px\" \/>                                <\/div>\n                                                            <div class=\"testimonials-text fl-wrap\">\n                                    \n                                    <div class=\"testi-top\">\n                                        <h3>\n                                            Franco                                            <span>Etiqueta privada Giassi<\/span>                                        <\/h3>\n                                        <div class=\"star-rating\" data-rating=\"no\" data-stars=\"5\"><\/div>\n                                    <\/div>\n                                    <div class=\"testi-content\"><p>\u201cParticipar en Creative Week es una experiencia enriquecedora y nos abri\u00f3 la visi\u00f3n m\u00e1s all\u00e1 de la realidad cotidiana\u201d<\/p>\n<\/div>\n                                    <span class=\"testi-number\">03.<\/span>\n                                <\/div>\n                            <\/div>\n                        <\/div>\n                        <!--testi-item end-->\n\n                                                <!--testi-item-->\n                        <div class=\"swiper-slide\">\n                            <div class=\"testi-item fl-wrap\">\n                                                            <div class=\"testi-avatar\">\n                                    <img width=\"100\" height=\"100\" src=\"https:\/\/hitech.com.br\/wp-content\/uploads\/2020\/05\/jaque.jpg\" class=\"attachment-thumbnail size-thumbnail wp-post-image\" alt=\"\" decoding=\"async\" loading=\"lazy\" srcset=\"https:\/\/hitech.com.br\/wp-content\/uploads\/2020\/05\/jaque.jpg 100w, https:\/\/hitech.com.br\/wp-content\/uploads\/2020\/05\/jaque-12x12.jpg 12w\" sizes=\"(max-width: 100px) 100vw, 100px\" \/>                                <\/div>\n                                                            <div class=\"testimonials-text fl-wrap\">\n                                    \n                                    <div class=\"testi-top\">\n                                        <h3>\n                                            Jaqueline Macedo                                            <span>NS do Carmo <\/span>                                        <\/h3>\n                                        <div class=\"star-rating\" data-rating=\"no\" data-stars=\"5\"><\/div>\n                                    <\/div>\n                                    <div class=\"testi-content\"><p>\u201cLa Semana Creativa trajo innovaci\u00f3n, tendencias y encaja perfectamente en la marca de nuestros clientes\u201d<\/p>\n<\/div>\n                                    <span class=\"testi-number\">04.<\/span>\n                                <\/div>\n                            <\/div>\n                        <\/div>\n                        <!--testi-item end-->\n\n                                                <!--testi-item-->\n                        <div class=\"swiper-slide\">\n                            <div class=\"testi-item fl-wrap\">\n                                                            <div class=\"testi-avatar\">\n                                    <img width=\"100\" height=\"100\" src=\"https:\/\/hitech.com.br\/wp-content\/uploads\/2020\/05\/marielle.jpg\" class=\"attachment-thumbnail size-thumbnail wp-post-image\" alt=\"\" decoding=\"async\" loading=\"lazy\" srcset=\"https:\/\/hitech.com.br\/wp-content\/uploads\/2020\/05\/marielle.jpg 100w, https:\/\/hitech.com.br\/wp-content\/uploads\/2020\/05\/marielle-12x12.jpg 12w\" sizes=\"(max-width: 100px) 100vw, 100px\" \/>                                <\/div>\n                                                            <div class=\"testimonials-text fl-wrap\">\n                                    \n                                    <div class=\"testi-top\">\n                                        <h3>\n                                            marielle                                            <span>Souza y Camb\u00f3s<\/span>                                        <\/h3>\n                                        <div class=\"star-rating\" data-rating=\"no\" data-stars=\"5\"><\/div>\n                                    <\/div>\n                                    <div class=\"testi-content\"><p>\u201c\u00a1La Semana Creativa trajo innovaci\u00f3n, tecnolog\u00eda, sostenibilidad y nuevos procesos!\u201d<\/p>\n<\/div>\n                                    <span class=\"testi-number\">05.<\/span>\n                                <\/div>\n                            <\/div>\n                        <\/div>\n                        <!--testi-item end-->\n\n                                                <!--testi-item-->\n                        <div class=\"swiper-slide\">\n                            <div class=\"testi-item fl-wrap\">\n                                                            <div class=\"testi-avatar\">\n                                    <img width=\"100\" height=\"100\" src=\"https:\/\/hitech.com.br\/wp-content\/uploads\/2020\/05\/alex.jpg\" class=\"attachment-thumbnail size-thumbnail wp-post-image\" alt=\"\" decoding=\"async\" loading=\"lazy\" srcset=\"https:\/\/hitech.com.br\/wp-content\/uploads\/2020\/05\/alex.jpg 100w, https:\/\/hitech.com.br\/wp-content\/uploads\/2020\/05\/alex-12x12.jpg 12w\" sizes=\"(max-width: 100px) 100vw, 100px\" \/>                                <\/div>\n                                                            <div class=\"testimonials-text fl-wrap\">\n                                    \n                                    <div class=\"testi-top\">\n                                        <h3>\n                                            Alex                                            <span>Lavanderia Prisma<\/span>                                        <\/h3>\n                                        <div class=\"star-rating\" data-rating=\"no\" data-stars=\"5\"><\/div>\n                                    <\/div>\n                                    <div class=\"testi-content\"><p>\u201cHiTech nos abri\u00f3 las puertas a diferentes procesos e intercambio de conocimientos. \u00a1Muchas gracias!&quot;<\/p>\n<\/div>\n                                    <span class=\"testi-number\">06.<\/span>\n                                <\/div>\n                            <\/div>\n                        <\/div>\n                        <!--testi-item end-->\n\n                                            <\/div>\n                <\/div>\n            <\/div>\n            <div class=\"tc-pagination\"><\/div>\n\n        <\/div>\n        <!--  carousel end-->\n              \n        \t\t<\/div>\n\t\t\t\t<\/div>\n\t\t\t\t\t<\/div>\n\t\t<\/div>\n\t\t\t\t\t\t\t<\/div>\n\t\t<\/section>\n\t\t\t\t<section class=\"elementor-section elementor-top-section elementor-element elementor-element-0c57956 darkbg_2 notifer-block elementor-section-content-middle elementor-section-boxed elementor-section-height-default elementor-section-height-default\" data-id=\"0c57956\" data-element_type=\"section\">\n\t\t\t\t\t\t<div class=\"elementor-container elementor-column-gap-default\">\n\t\t\t\t\t<div class=\"elementor-column elementor-col-66 elementor-top-column elementor-element elementor-element-2e5ed3e\" data-id=\"2e5ed3e\" data-element_type=\"column\">\n\t\t\t<div class=\"elementor-widget-wrap elementor-element-populated\">\n\t\t\t\t\t\t\t\t<div class=\"elementor-element elementor-element-815e634 elementor-widget elementor-widget-section_title\" data-id=\"815e634\" data-element_type=\"widget\" data-widget_type=\"section_title.default\">\n\t\t\t\t<div class=\"elementor-widget-container\">\n\t\t\t        <div class=\"section-title st-left st-st7\">\n                    <h2 class=\"sec-title\"><span>\u00a1Descubra m\u00e1s sobre c\u00f3mo podemos optimizar su producci\u00f3n!<\/span><\/h2>                    <\/div>\n        \t\t<\/div>\n\t\t\t\t<\/div>\n\t\t\t\t\t<\/div>\n\t\t<\/div>\n\t\t\t\t<div class=\"elementor-column elementor-col-33 elementor-top-column elementor-element elementor-element-951a447\" data-id=\"951a447\" data-element_type=\"column\">\n\t\t\t<div class=\"elementor-widget-wrap elementor-element-populated\">\n\t\t\t\t\t\t\t\t<div class=\"elementor-element elementor-element-af90bf7 ml-auto ms-auto elementor-widget__width-auto elementor-widget-mobile__width-inherit elementor-widget elementor-widget-cthbutton\" data-id=\"af90bf7\" data-element_type=\"widget\" data-widget_type=\"cthbutton.default\">\n\t\t\t\t<div class=\"elementor-widget-container\">\n\t\t\t \n            <a href=\"https:\/\/hitech.com.br\/es\/contacto\/\"  class=\"tbtn tbtn color-dark normal-btn normal normalw-btn icon-left btn-no-text-no\"><span>\u00a1H\u00e1blanos!<\/span><\/a>\n        \t\t<\/div>\n\t\t\t\t<\/div>\n\t\t\t\t\t<\/div>\n\t\t<\/div>\n\t\t\t\t\t\t\t<\/div>\n\t\t<\/section>\n\t\t\t\t\t\t\t<\/div>","protected":false},"excerpt":{"rendered":"<p>A Semana Criativa A Semana Criativa \u00e9 uma imers\u00e3o no Universo HiTech, onde voc\u00ea poder\u00e1 acompanhar de perto o nosso trabalho no centro de pesquisa e desenvolver, junto com a nossa equipe, processos que ajudam a transformar o jeans em um pe\u00e7a atual, vers\u00e1til, elegante e sustent\u00e1vel. Esta \u00e9 mais uma exclusividade que a HiTech proporciona aos seus clientes de todo o Brasil. Valdeci Estrela Raff&#8217;s Lavanderia &#8220;Tivemos uma semana produtiva que resultou em uma cole\u00e7\u00e3o inteira. Obrigado!&#8221; 01. Deyvid Lavanderia Realeza &#8220;A gente teve toda a equipe da HiTech desenvolvendo uma cole\u00e7\u00e3o sustent\u00e1vel pra gente!&#8221; 02. Fran Giassi Private Label &#8220;Participar da Semana Criativa \u00e9 uma experi\u00eancia enriquecedora e abriu a nossa vis\u00e3o al\u00e9m da realidade di\u00e1ria\u201d 03. Jaqueline Macedo N. S. do Carmo &#8220;A Semana Criativa trouxe inova\u00e7\u00e3o, tend\u00eancias e encaixou perefitamente no branding dos nossos clientes\u201d 04. Marielle Souza e Cambos &#8220;A Semana Criativa trouxe inova\u00e7\u00e3o, tecnologia, [&hellip;]<\/p>","protected":false},"author":1,"featured_media":0,"parent":0,"menu_order":0,"comment_status":"closed","ping_status":"closed","template":"elementor_header_footer","meta":[],"_links":{"self":[{"href":"https:\/\/hitech.com.br\/es\/wp-json\/wp\/v2\/pages\/10165"}],"collection":[{"href":"https:\/\/hitech.com.br\/es\/wp-json\/wp\/v2\/pages"}],"about":[{"href":"https:\/\/hitech.com.br\/es\/wp-json\/wp\/v2\/types\/page"}],"author":[{"embeddable":true,"href":"https:\/\/hitech.com.br\/es\/wp-json\/wp\/v2\/users\/1"}],"replies":[{"embeddable":true,"href":"https:\/\/hitech.com.br\/es\/wp-json\/wp\/v2\/comments?post=10165"}],"version-history":[{"count":40,"href":"https:\/\/hitech.com.br\/es\/wp-json\/wp\/v2\/pages\/10165\/revisions"}],"predecessor-version":[{"id":11210,"href":"https:\/\/hitech.com.br\/es\/wp-json\/wp\/v2\/pages\/10165\/revisions\/11210"}],"wp:attachment":[{"href":"https:\/\/hitech.com.br\/es\/wp-json\/wp\/v2\/media?parent=10165"}],"curies":[{"name":"wp","href":"https:\/\/api.w.org\/{rel}","templated":true}]}}