{"id":8459,"date":"2016-10-06T03:56:06","date_gmt":"2016-10-06T03:56:06","guid":{"rendered":"https:\/\/hitech.com.br\/?page_id=294"},"modified":"2023-10-30T14:37:35","modified_gmt":"2023-10-30T17:37:35","slug":"contato","status":"publish","type":"page","link":"https:\/\/hitech.com.br\/es\/contacto\/","title":{"rendered":"Contacto"},"content":{"rendered":"<div data-elementor-type=\"wp-post\" data-elementor-id=\"8459\" class=\"elementor elementor-8459\" data-elementor-post-type=\"page\">\n\t\t\t\t\t\t\t\t\t<section class=\"elementor-section elementor-top-section elementor-element elementor-element-ba9c46e elementor-section-boxed elementor-section-height-default elementor-section-height-default\" data-id=\"ba9c46e\" data-element_type=\"section\">\n\t\t\t\t\t\t<div class=\"elementor-container elementor-column-gap-default\">\n\t\t\t\t\t<div class=\"elementor-column elementor-col-100 elementor-top-column elementor-element elementor-element-380b2b8\" data-id=\"380b2b8\" data-element_type=\"column\">\n\t\t\t<div class=\"elementor-widget-wrap elementor-element-populated\">\n\t\t\t\t\t\t\t\t<div class=\"elementor-element elementor-element-ace66bb elementor-widget elementor-widget-contact_form7\" data-id=\"ace66bb\" data-element_type=\"widget\" data-widget_type=\"contact_form7.default\">\n\t\t\t\t<div class=\"elementor-widget-container\">\n\t\t\t        <div class=\"contact-form7\">\n<div class=\"wpcf7 no-js\" id=\"wpcf7-f8484-o1\" lang=\"en-US\" dir=\"ltr\">\n<div class=\"screen-reader-response\"><p role=\"status\" aria-live=\"polite\" aria-atomic=\"true\"><\/p> <ul><\/ul><\/div>\n<form action=\"\/es\/wp-json\/wp\/v2\/pages\/8459#wpcf7-f8484-o1\" method=\"post\" class=\"wpcf7-form init\" aria-label=\"Contact form\" novalidate=\"novalidate\" data-status=\"init\" data-trp-original-action=\"\/es\/wp-json\/wp\/v2\/pages\/8459#wpcf7-f8484-o1\">\n<div style=\"display: none;\">\n<input type=\"hidden\" name=\"_wpcf7\" value=\"8484\" \/>\n<input type=\"hidden\" name=\"_wpcf7_version\" value=\"5.8.2\" \/>\n<input type=\"hidden\" name=\"_wpcf7_locale\" value=\"en_US\" \/>\n<input type=\"hidden\" name=\"_wpcf7_unit_tag\" value=\"wpcf7-f8484-o1\" \/>\n<input type=\"hidden\" name=\"_wpcf7_container_post\" value=\"0\" \/>\n<input type=\"hidden\" name=\"_wpcf7_posted_data_hash\" value=\"\" \/>\n<input type=\"hidden\" name=\"_wpcf7_recaptcha_response\" value=\"\" \/>\n<\/div>\n<div class=\"contact-form-holder custom-form\">\n\t<div class=\"hasIcon\">\n\t\t<p><label>Su nombre*<\/label><span class=\"wpcf7-form-control-wrap\" data-name=\"your-name\"><input size=\"40\" class=\"wpcf7-form-control wpcf7-text wpcf7-validates-as-required has-icon\" aria-required=\"true\" aria-invalid=\"false\" placeholder=\"Nombre *\" value=\"\" type=\"text\" name=\"your-name\" \/><\/span>\n\t\t<\/p>\n\t<\/div>\n\t<div class=\"hasIcon\">\n\t\t<p><label>Su e-mail*<\/label><span class=\"wpcf7-form-control-wrap\" data-name=\"your-email\"><input size=\"40\" class=\"wpcf7-form-control wpcf7-email wpcf7-validates-as-required wpcf7-text wpcf7-validates-as-email has-icon\" aria-required=\"true\" aria-invalid=\"false\" placeholder=\"Correo electr\u00f3nico *\" value=\"\" type=\"email\" name=\"your-email\" \/><\/span>\n\t\t<\/p>\n\t<\/div>\n\t<div class=\"form-control-wrap\">\n\t\t<p><span class=\"wpcf7-form-control-wrap\" data-name=\"your-message\"><textarea cols=\"40\" rows=\"10\" class=\"wpcf7-form-control wpcf7-textarea wpcf7-validates-as-required\" aria-required=\"true\" aria-invalid=\"false\" placeholder=\"su mensaje\" name=\"your-message\"><\/textarea><\/span>\n\t\t<\/p>\n\t<\/div>\n\t<p><div id=\"cf7sr-69e377ea70e41\" class=\"cf7sr-g-recaptcha\" data-sitekey=\"6Ld9ZOAoAAAAAJuos9gxKapa8al61jClhRAHlZgT\"><\/div><span class=\"wpcf7-form-control-wrap cf7sr-recaptcha\" data-name=\"cf7sr-recaptcha\"><input type=\"hidden\" name=\"cf7sr-recaptcha\" value=\"\" class=\"wpcf7-form-control\"><\/span>\n\t<\/p>\n\t<p><input class=\"wpcf7-form-control wpcf7-submit has-spinner tbtn hvcolor\" type=\"submit\" value=\"Mandar\" \/>\n\t<\/p>\n<\/div><div class=\"wpcf7-response-output\" aria-hidden=\"true\"><\/div>\n<input type=\"hidden\" name=\"trp-form-language\" value=\"es\"\/><\/form>\n<\/div>\n<\/div>\n        \t\t<\/div>\n\t\t\t\t<\/div>\n\t\t\t\t\t<\/div>\n\t\t<\/div>\n\t\t\t\t\t\t\t<\/div>\n\t\t<\/section>\n\t\t\t\t<section class=\"elementor-section elementor-top-section elementor-element elementor-element-627c199 gray-bg has-hex pt-50 elementor-section-boxed elementor-section-height-default elementor-section-height-default\" data-id=\"627c199\" data-element_type=\"section\">\n\t\t\t\t\t\t<div class=\"elementor-container elementor-column-gap-default\">\n\t\t\t\t\t<div class=\"elementor-column elementor-col-33 elementor-top-column elementor-element elementor-element-1d4099f\" data-id=\"1d4099f\" data-element_type=\"column\">\n\t\t\t<div class=\"elementor-widget-wrap elementor-element-populated\">\n\t\t\t\t\t\t\t\t<div class=\"elementor-element elementor-element-5fc80c1 elementor-widget elementor-widget-feature_box\" data-id=\"5fc80c1\" data-element_type=\"widget\" data-widget_type=\"feature_box.default\">\n\t\t\t\t<div class=\"elementor-widget-container\">\n\t\t\t  \n        <!--services-box --> \n        <div class=\"card-item sty1\">\n            <i class=\"fab fa-whatsapp\"><\/i>            <span class=\"card-item_num\">01<\/span>\n            <h4 class=\"service-title\">Whatsapp<\/h4>            <div class=\"card-desc\"><a href=\"https:\/\/wa.me\/5524981559500?text=Ol%C3%A1%2C+HiTech.+Gostaria+de+falar+com+voc%C3%AAs.\" class=\"serv-link sl-b\">+55 24 98155-9500<\/a><\/div>\n            <div class=\"clearfix\"><\/div>\n        <\/div>\n        \n        <!-- services-box end  -->      \n        \t\t<\/div>\n\t\t\t\t<\/div>\n\t\t\t\t\t<\/div>\n\t\t<\/div>\n\t\t\t\t<div class=\"elementor-column elementor-col-33 elementor-top-column elementor-element elementor-element-8f43a90\" data-id=\"8f43a90\" data-element_type=\"column\">\n\t\t\t<div class=\"elementor-widget-wrap elementor-element-populated\">\n\t\t\t\t\t\t\t\t<div class=\"elementor-element elementor-element-f06c5e1 elementor-widget elementor-widget-feature_box\" data-id=\"f06c5e1\" data-element_type=\"widget\" data-widget_type=\"feature_box.default\">\n\t\t\t\t<div class=\"elementor-widget-container\">\n\t\t\t  \n        <!--services-box --> \n        <div class=\"card-item sty1\">\n            <i class=\"fal fa-phone-rotary\"><\/i>            <span class=\"card-item_num\">02<\/span>\n            <h4 class=\"service-title\">Tel\u00e9fonos<\/h4>            <div class=\"card-desc\"><a href=\"tel: 55 (24) 2254-4400\" class=\"serv-link sl-b\">+55 (24) 2254-4400<\/a><\/div>\n            <div class=\"clearfix\"><\/div>\n        <\/div>\n        \n        <!-- services-box end  -->      \n        \t\t<\/div>\n\t\t\t\t<\/div>\n\t\t\t\t\t<\/div>\n\t\t<\/div>\n\t\t\t\t<div class=\"elementor-column elementor-col-33 elementor-top-column elementor-element elementor-element-68855fe\" data-id=\"68855fe\" data-element_type=\"column\">\n\t\t\t<div class=\"elementor-widget-wrap elementor-element-populated\">\n\t\t\t\t\t\t\t\t<div class=\"elementor-element elementor-element-d788fa5 elementor-widget elementor-widget-feature_box\" data-id=\"d788fa5\" data-element_type=\"widget\" data-widget_type=\"feature_box.default\">\n\t\t\t\t<div class=\"elementor-widget-container\">\n\t\t\t  \n        <!--services-box --> \n        <div class=\"card-item sty1\">\n            <i class=\"fal fa-map-marked\"><\/i>            <span class=\"card-item_num\">03<\/span>\n            <h4 class=\"service-title\">DIRECCI\u00d3N<\/h4>            <div class=\"card-desc\"><p>Estr. Uni\u00f3n Industria, n\u00ba 128<\/br>km 130 - CEP: 25870-000\n<\/p><a href=\"https:\/\/goo.gl\/maps\/dj5UaNJFkJ6rLNJy9\" class=\"serv-link sl-b\">Comandante Levy Gasparian - RJ<\/a><\/div>\n            <div class=\"clearfix\"><\/div>\n        <\/div>\n        \n        <!-- services-box end  -->      \n        \t\t<\/div>\n\t\t\t\t<\/div>\n\t\t\t\t\t<\/div>\n\t\t<\/div>\n\t\t\t\t\t\t\t<\/div>\n\t\t<\/section>\n\t\t\t\t<section class=\"elementor-section elementor-top-section elementor-element elementor-element-5f38d8f gray-bg pad-top-30 pb-50 elementor-section-boxed elementor-section-height-default elementor-section-height-default\" data-id=\"5f38d8f\" data-element_type=\"section\">\n\t\t\t\t\t\t<div class=\"elementor-container elementor-column-gap-default\">\n\t\t\t\t\t<div class=\"elementor-column elementor-col-100 elementor-top-column elementor-element elementor-element-491631d\" data-id=\"491631d\" data-element_type=\"column\">\n\t\t\t<div class=\"elementor-widget-wrap elementor-element-populated\">\n\t\t\t\t\t\t\t\t<div class=\"elementor-element elementor-element-222b6e6 elementor-widget elementor-widget-heading\" data-id=\"222b6e6\" data-element_type=\"widget\" data-widget_type=\"heading.default\">\n\t\t\t\t<div class=\"elementor-widget-container\">\n\t\t\t<style>\/*! elementor - v3.16.0 - 09-10-2023 *\/\n.elementor-heading-title{padding:0;margin:0;line-height:1}.elementor-widget-heading .elementor-heading-title[class*=elementor-size-]>a{color:inherit;font-size:inherit;line-height:inherit}.elementor-widget-heading .elementor-heading-title.elementor-size-small{font-size:15px}.elementor-widget-heading .elementor-heading-title.elementor-size-medium{font-size:19px}.elementor-widget-heading .elementor-heading-title.elementor-size-large{font-size:29px}.elementor-widget-heading .elementor-heading-title.elementor-size-xl{font-size:39px}.elementor-widget-heading .elementor-heading-title.elementor-size-xxl{font-size:59px}<\/style><h3 class=\"elementor-heading-title elementor-size-default\">Sede<\/h3>\t\t<\/div>\n\t\t\t\t<\/div>\n\t\t\t\t<div class=\"elementor-element elementor-element-ec4e34e elementor-widget elementor-widget-google_map\" data-id=\"ec4e34e\" data-element_type=\"widget\" data-widget_type=\"google_map.default\">\n\t\t\t\t<div class=\"elementor-widget-container\">\n\t\t\t        <div class=\"map-container mapC_vis\">\n            <div id=\"singleMap69e377ea79eba\" class=\"singleMap singleMap-osm\" data-lat=\"-22.04738\" data-lng=\"-43.20472\" data-loc=\"Comendador Levy Gasparian\" data-zoom=\"16\"><\/div>\n                    <\/div>\n        \t\t<\/div>\n\t\t\t\t<\/div>\n\t\t\t\t\t<\/div>\n\t\t<\/div>\n\t\t\t\t\t\t\t<\/div>\n\t\t<\/section>\n\t\t\t\t\t\t\t<\/div>","protected":false},"excerpt":{"rendered":"<p>Seu nome* Seu e-mail* 01 WhatsApp +55 24 98155-9500 02 Telefones +55 (24) 2254-4400 03 Endere\u00e7o Estr. Uni\u00e3o Ind\u00fastria, n\u00ba 128km 130 &#8211; CEP: 25870-000 Comendador Levy Gasparian &#8211; RJ Matriz<\/p>","protected":false},"author":1,"featured_media":0,"parent":0,"menu_order":0,"comment_status":"closed","ping_status":"closed","template":"page-full.php","meta":[],"_links":{"self":[{"href":"https:\/\/hitech.com.br\/es\/wp-json\/wp\/v2\/pages\/8459"}],"collection":[{"href":"https:\/\/hitech.com.br\/es\/wp-json\/wp\/v2\/pages"}],"about":[{"href":"https:\/\/hitech.com.br\/es\/wp-json\/wp\/v2\/types\/page"}],"author":[{"embeddable":true,"href":"https:\/\/hitech.com.br\/es\/wp-json\/wp\/v2\/users\/1"}],"replies":[{"embeddable":true,"href":"https:\/\/hitech.com.br\/es\/wp-json\/wp\/v2\/comments?post=8459"}],"version-history":[{"count":33,"href":"https:\/\/hitech.com.br\/es\/wp-json\/wp\/v2\/pages\/8459\/revisions"}],"predecessor-version":[{"id":11155,"href":"https:\/\/hitech.com.br\/es\/wp-json\/wp\/v2\/pages\/8459\/revisions\/11155"}],"wp:attachment":[{"href":"https:\/\/hitech.com.br\/es\/wp-json\/wp\/v2\/media?parent=8459"}],"curies":[{"name":"wp","href":"https:\/\/api.w.org\/{rel}","templated":true}]}}