{"id":9191,"date":"2021-08-10T10:25:52","date_gmt":"2021-08-10T10:25:52","guid":{"rendered":"https:\/\/hitech.com.br\/?page_id=9191"},"modified":"2023-10-23T10:40:41","modified_gmt":"2023-10-23T13:40:41","slug":"academia-hitech","status":"publish","type":"page","link":"https:\/\/hitech.com.br\/es\/academia-de-alta-tecnologia\/","title":{"rendered":"Academia HiTech"},"content":{"rendered":"<div data-elementor-type=\"wp-page\" data-elementor-id=\"9191\" class=\"elementor elementor-9191\" data-elementor-post-type=\"page\">\n\t\t\t\t\t\t\t\t\t<section class=\"elementor-section elementor-top-section elementor-element elementor-element-687bf0c gray-bg has-hex small-padding elementor-section-boxed elementor-section-height-default elementor-section-height-default\" data-id=\"687bf0c\" data-element_type=\"section\" data-settings=\"{&quot;background_background&quot;:&quot;classic&quot;}\">\n\t\t\t\t\t\t<div class=\"elementor-container elementor-column-gap-default\">\n\t\t\t\t\t<div class=\"elementor-column elementor-col-100 elementor-top-column elementor-element elementor-element-683e5e3\" data-id=\"683e5e3\" data-element_type=\"column\">\n\t\t\t<div class=\"elementor-widget-wrap elementor-element-populated\">\n\t\t\t\t\t\t\t\t<div class=\"elementor-element elementor-element-f00f976 elementor-widget elementor-widget-projects_grid\" data-id=\"f00f976\" data-element_type=\"widget\" data-widget_type=\"projects_grid.default\">\n\t\t\t\t<div class=\"elementor-widget-container\">\n\t\t\t        <div class=\"cthiso-isotope-wrapper position-relative prgrid-layout-sidefilter row\">\n                        <div class=\"col-md-3\">\n                <div class=\"fix-bar\">\n                                                                <!-- filter -->\n                                        <h3 class=\"widget-title\">Filtros de portf\u00f3lio<\/h3>\n                    <div class=\"filter-holders column-filters\">\n                                            <div class=\"cthiso-filters\">\n                            <a href=\"#\" class=\"cthiso-filter cthiso-filter-active\" data-filter=\"*\"><span>Todo<\/span><\/a>\n                                                        <a href=\"#\" class=\"cthiso-filter\" data-filter=\".project_cat-preparo\">Preparaci\u00f3n<\/a>\n                                                    <\/div>\n                        <div class=\"count-folio cf-counter mt-4 position-relative\">\n                            <div class=\"num-album\">0<\/div>\n                            <div class=\"all-album\">0<\/div>\n                        <\/div>\n                    <\/div>\n                    <!-- filter end-->\n                                            <\/div>\n                <!-- end fix-bar -->\n            <\/div>\n            <div class=\"col-md-9\">\n                        <div class=\"cthiso-items cthiso-flex lightgallery cthiso-small-pad cthiso-two-cols vis-det\">\n                                \n                    <div class=\"cthiso-item gallery-titem post-9030 project type-project status-publish has-post-thumbnail hentry project_cat-preparo\">\n                        <div class=\"grid-item-holder\">\n                            <div class=\"folio-img hov_zoom\">\n                                <span class=\"overlay\"><\/span>\n                                                                    <img width=\"530\" height=\"289\" src=\"https:\/\/hitech.com.br\/wp-content\/uploads\/2023\/11\/semana-530x289.jpg\" class=\"attachment-theroof-project size-theroof-project wp-post-image\" alt=\"\" decoding=\"async\" loading=\"lazy\" srcset=\"https:\/\/hitech.com.br\/wp-content\/uploads\/2023\/11\/semana-530x289.jpg 530w, https:\/\/hitech.com.br\/wp-content\/uploads\/2023\/11\/semana-300x164.jpg 300w, https:\/\/hitech.com.br\/wp-content\/uploads\/2023\/11\/semana-1024x559.jpg 1024w, https:\/\/hitech.com.br\/wp-content\/uploads\/2023\/11\/semana-768x419.jpg 768w, https:\/\/hitech.com.br\/wp-content\/uploads\/2023\/11\/semana-18x10.jpg 18w, https:\/\/hitech.com.br\/wp-content\/uploads\/2023\/11\/semana-830x453.jpg 830w, https:\/\/hitech.com.br\/wp-content\/uploads\/2023\/11\/semana-303x165.jpg 303w, https:\/\/hitech.com.br\/wp-content\/uploads\/2023\/11\/semana-606x331.jpg 606w, https:\/\/hitech.com.br\/wp-content\/uploads\/2023\/11\/semana-450x245.jpg 450w, https:\/\/hitech.com.br\/wp-content\/uploads\/2023\/11\/semana-500x273.jpg 500w, https:\/\/hitech.com.br\/wp-content\/uploads\/2023\/11\/semana-150x82.jpg 150w, https:\/\/hitech.com.br\/wp-content\/uploads\/2023\/11\/semana.jpg 1100w\" sizes=\"(max-width: 530px) 100vw, 530px\" \/>                                    <a href=\"https:\/\/hitech.com.br\/wp-content\/uploads\/2023\/11\/semana.jpg\" class=\"box-media-zoom popup-gal\"><i class=\"fas fa-search\"><\/i><\/a>\n                                                                <div class=\"grid-det_category\">\n                                <a href=\"https:\/\/hitech.com.br\/es\/academia_cat\/preparacion\/\">Preparaci\u00f3n<\/a>                                <\/div>\n                            <\/div>\n                            <div class=\"grid-item\">\n                                <h3><a href=\"https:\/\/hitech.com.br\/es\/academia\/episodios\/rotacion-rpm-por-minuto\/\">Rotaci\u00f3n por minuto (RPM)<\/a><\/h3>\n                            <\/div>\n                        <\/div>\n                    <\/div>\n\n                    \n\n                    \n\n                 \n\n            <\/div>\n                                    <\/div>\n                                            <\/div>\n        <div class=\"limit-box\"><\/div>\n        <!-- .cthiso-isotope-wrapper end -->\n        \t\t<\/div>\n\t\t\t\t<\/div>\n\t\t\t\t<section class=\"elementor-section elementor-inner-section elementor-element elementor-element-58faad19 elementor-section-content-middle order-wrap elementor-section-boxed elementor-section-height-default elementor-section-height-default\" data-id=\"58faad19\" data-element_type=\"section\">\n\t\t\t\t\t\t<div class=\"elementor-container elementor-column-gap-default\">\n\t\t\t\t\t<div class=\"elementor-column elementor-col-50 elementor-inner-column elementor-element elementor-element-3a19baa6\" data-id=\"3a19baa6\" data-element_type=\"column\">\n\t\t\t<div class=\"elementor-widget-wrap elementor-element-populated\">\n\t\t\t\t\t\t\t\t<div class=\"elementor-element elementor-element-6c2dd2e5 elementor-widget elementor-widget-section_title\" data-id=\"6c2dd2e5\" data-element_type=\"widget\" data-widget_type=\"section_title.default\">\n\t\t\t\t<div class=\"elementor-widget-container\">\n\t\t\t        <div class=\"section-title st-left st-st7\">\n                    <h2 class=\"sec-title\"><span>\u00bfQuieres desarrollar soluciones?<\/span><\/h2>                    <\/div>\n        \t\t<\/div>\n\t\t\t\t<\/div>\n\t\t\t\t\t<\/div>\n\t\t<\/div>\n\t\t\t\t<div class=\"elementor-column elementor-col-50 elementor-inner-column elementor-element elementor-element-6f107e2e\" data-id=\"6f107e2e\" data-element_type=\"column\">\n\t\t\t<div class=\"elementor-widget-wrap elementor-element-populated\">\n\t\t\t\t\t\t\t\t<div class=\"elementor-element elementor-element-7faae439 ml-auto ms-auto mr-5 me-5 elementor-widget__width-auto elementor-widget-tablet__width-inherit elementor-widget elementor-widget-cthbutton\" data-id=\"7faae439\" data-element_type=\"widget\" data-widget_type=\"cthbutton.default\">\n\t\t\t\t<div class=\"elementor-widget-container\">\n\t\t\t \n            <a href=\"https:\/\/hitech.com.br\/es\/contacto\/\"  class=\"tbtn tbtn color-bg small-btn normal normalw-btn icon-left btn-no-text-no\"><span>\u00a1H\u00c1BLANOS!<\/span><\/a>\n        \t\t<\/div>\n\t\t\t\t<\/div>\n\t\t\t\t\t<\/div>\n\t\t<\/div>\n\t\t\t\t\t\t\t<\/div>\n\t\t<\/section>\n\t\t\t\t\t<\/div>\n\t\t<\/div>\n\t\t\t\t\t\t\t<\/div>\n\t\t<\/section>\n\t\t\t\t\t\t\t<\/div>","protected":false},"excerpt":{"rendered":"<p>Filtros de portf\u00f3lio Todos Preparo 0 0 Preparo Rota\u00e7\u00e3o por Minuto (RPM) Quer desenvolver solu\u00e7\u00f5es ? FALA COM A GENTE!<\/p>","protected":false},"author":1,"featured_media":10009,"parent":0,"menu_order":0,"comment_status":"closed","ping_status":"closed","template":"page-full.php","meta":[],"_links":{"self":[{"href":"https:\/\/hitech.com.br\/es\/wp-json\/wp\/v2\/pages\/9191"}],"collection":[{"href":"https:\/\/hitech.com.br\/es\/wp-json\/wp\/v2\/pages"}],"about":[{"href":"https:\/\/hitech.com.br\/es\/wp-json\/wp\/v2\/types\/page"}],"author":[{"embeddable":true,"href":"https:\/\/hitech.com.br\/es\/wp-json\/wp\/v2\/users\/1"}],"replies":[{"embeddable":true,"href":"https:\/\/hitech.com.br\/es\/wp-json\/wp\/v2\/comments?post=9191"}],"version-history":[{"count":13,"href":"https:\/\/hitech.com.br\/es\/wp-json\/wp\/v2\/pages\/9191\/revisions"}],"predecessor-version":[{"id":10862,"href":"https:\/\/hitech.com.br\/es\/wp-json\/wp\/v2\/pages\/9191\/revisions\/10862"}],"wp:featuredmedia":[{"embeddable":true,"href":"https:\/\/hitech.com.br\/es\/wp-json\/wp\/v2\/media\/10009"}],"wp:attachment":[{"href":"https:\/\/hitech.com.br\/es\/wp-json\/wp\/v2\/media?parent=9191"}],"curies":[{"name":"wp","href":"https:\/\/api.w.org\/{rel}","templated":true}]}}